{"id":1836,"date":"2018-06-20T16:54:53","date_gmt":"2018-06-20T14:54:53","guid":{"rendered":"https:\/\/www.rainbow-rose.com\/dmcarea\/"},"modified":"2020-10-28T17:02:52","modified_gmt":"2020-10-28T16:02:52","slug":"dmcarea","status":"publish","type":"page","link":"https:\/\/www.rainbow-rose.com\/fr\/dmcarea\/","title":{"rendered":"DMC area"},"content":{"rendered":"<section  class=\"section full_stretch_row_content fullwidth  vc_custom_1553097443532\"><div class=\"row\"><div class=\"wpb_column col-md-12 have-padding\">[vc_custom_heading text=&#8221;QU&#8217;EST-CE QUE LE DMC POUR RAINBOW ROSE ?&#8221; font_container=&#8221;tag:h1|font_size:48px|text_align:center|color:%23ffffff|line_height:58px&#8221; google_fonts=&#8221;font_family:Oswald%3A300%2Cregular%2C700|font_style:400%20regular%3A400%3Anormal&#8221; css_animation=&#8221;fadeInLeft&#8221; css=&#8221;.vc_custom_1603900969535{margin-top: 20px !important;margin-bottom: 20px !important;padding-top: 20px !important;padding-bottom: 20px !important;}&#8221;]<\/div><\/div><\/section><section  class=\"section no\"><div class=\"row\"><div class=\"wpb_column col-md-6 wow fadeInUp have-padding  vc_custom_1553092910594\">[vc_empty_space height=&#8221;64px&#8221;]<div class=\"item-padd-mob section-text text-block \" ><div class=\"simple-text md\"><p style=\"text-align: justify\">Un DMC fournit des connaissances sur la destination locale et agit comme une extension de votre entreprise.<\/p>\n<p style=\"text-align: justify\">Une DMC (Destination Management Company) offre les services logistiques suivants \u00e0 destination : accueil, transferts \/ transport, h\u00e9bergement \u00e0 l&#8217;h\u00f4tel, restaurants, activit\u00e9s, excursions, lieux de conf\u00e9rence, \u00e9v\u00e9nements \u00e0 th\u00e8me et d\u00eeners de gala. Bien entendu, les DMC aident \u00e0 surmonter les barri\u00e8res linguistiques.<\/p>\n<p style=\"text-align: justify\">Un DMC doit \u00eatre une personne avec laquelle vous pouvez vous identifier et en qui vous avez confiance, tout en vous aidant \u00e0 un niveau cr\u00e9atif et professionnel. Ils sont souvent en mesure de proposer des tarifs pr\u00e9f\u00e9rentiels en fonction du pouvoir d&#8217;achat dont ils disposent aupr\u00e8s de leurs partenaires fournisseurs.<\/p>\n<p style=\"text-align: justify\">La nouveaut\u00e9 avec Rainbow Rose ; Rainbow Rose R\u00e9inventez le DMC classique en int\u00e9grant \u00e9galement la partie \u00e9v\u00e9nementielle, Le pouvoir de l&#8217;imagination, et la fibre artistique faisant briller un monde de l&#8217;\u00e9v\u00e9nement, l&#8217;\u00e9l\u00e9gance et la diff\u00e9rence,<br \/>\nNotre valeur ajout\u00e9e ; L\u00e0 o\u00f9 de nouvelles id\u00e9es sont invent\u00e9es &#8230; Des \u00e9motions naissent ! Rainbow Rose con\u00e7oit votre \u00e9v\u00e9nement comme de la Haute Couture<\/p>\n<\/div><\/div><\/div><div class=\"wpb_column col-md-6 wow fadeInLeft have-padding\">[vc_empty_space height=&#8221;64px&#8221;][vc_single_image image=&#8221;1477&#8243; img_size=&#8221;full&#8221;]<\/div><\/div><\/section><section  class=\"section no\"><div class=\"row\"><div class=\"wpb_column col-md-12 have-padding\">[vc_empty_space]<\/div><\/div><\/section><section  class=\"section no\"><div class=\"row\"><div class=\"wpb_column col-md-4 have-padding\">[vc_btn title=&#8221;CONCEPTS&#8221; style=&#8221;3d&#8221; color=&#8221;primary&#8221; size=&#8221;lg&#8221; align=&#8221;center&#8221; i_icon_fontawesome=&#8221;fa fa-arrows&#8221; css_animation=&#8221;fadeInDownBig&#8221; button_block=&#8221;true&#8221; add_icon=&#8221;true&#8221; link=&#8221;url:http%3A%2F%2Frainbow-rose.com%2Fdmcarea%2Fconcepts%2F|||&#8221;]<\/div><div class=\"wpb_column col-md-4 have-padding\">[vc_btn title=&#8221;VIDEO&#8221; style=&#8221;3d&#8221; color=&#8221;primary&#8221; size=&#8221;lg&#8221; align=&#8221;center&#8221; i_icon_fontawesome=&#8221;fa fa-film&#8221; css_animation=&#8221;fadeInDownBig&#8221; button_block=&#8221;true&#8221; add_icon=&#8221;true&#8221; link=&#8221;url:http%3A%2F%2Frainbow-rose.com%2Fdmcarea%2Fvideos%2F|||&#8221;]<\/div><div class=\"wpb_column col-md-4 have-padding\">[vc_btn title=&#8221;3D COMMUNICATION&#8221; style=&#8221;3d&#8221; color=&#8221;primary&#8221; size=&#8221;lg&#8221; align=&#8221;center&#8221; i_icon_fontawesome=&#8221;fa fa-cube&#8221; css_animation=&#8221;fadeInDownBig&#8221; button_block=&#8221;true&#8221; add_icon=&#8221;true&#8221; link=&#8221;url:http%3A%2F%2Frainbow-rose.com%2Fdmcarea%2F3d-communication%2F|||&#8221;]<\/div><\/div><\/section>\n","protected":false},"excerpt":{"rendered":"[vc_custom_heading text=\"QU'EST-CE QUE LE DMC POUR RAINBOW ROSE ?\" font_container=\"tag:h1|font_size:48px|text_align:center|color:%23ffffff|line_height:58px\" google_fonts=\"font_family:Oswald%3A300%2Cregular%2C700|font_style:400%20regular%3A400%3Anormal\" css_animation=\"fadeInLeft\" css=\".vc_custom_1603900969535{margin-top: 20px !important;margin-bottom: 20px !important;padding-top: 20px !important;padding-bottom: 20px !important;}\"][vc_empty_space height=\"64px\"]Un DMC fournit des connaissances sur la destination locale et agit comme une extension de votre entreprise. Une DMC (Destination Management Company) offre les services logistiques suivants \u00e0 destination : accueil, transferts \/ transport, [...]","protected":false},"author":1,"featured_media":0,"parent":0,"menu_order":0,"comment_status":"closed","ping_status":"closed","template":"","meta":{"_monsterinsights_skip_tracking":false,"_monsterinsights_sitenote_active":false,"_monsterinsights_sitenote_note":"","_monsterinsights_sitenote_category":0,"footnotes":""},"_links":{"self":[{"href":"https:\/\/www.rainbow-rose.com\/fr\/wp-json\/wp\/v2\/pages\/1836\/"}],"collection":[{"href":"https:\/\/www.rainbow-rose.com\/fr\/wp-json\/wp\/v2\/pages\/"}],"about":[{"href":"https:\/\/www.rainbow-rose.com\/fr\/wp-json\/wp\/v2\/types\/page\/"}],"author":[{"embeddable":true,"href":"https:\/\/www.rainbow-rose.com\/fr\/wp-json\/wp\/v2\/users\/1\/"}],"replies":[{"embeddable":true,"href":"https:\/\/www.rainbow-rose.com\/fr\/wp-json\/wp\/v2\/comments\/?post=1836"}],"version-history":[{"count":3,"href":"https:\/\/www.rainbow-rose.com\/fr\/wp-json\/wp\/v2\/pages\/1836\/revisions\/"}],"predecessor-version":[{"id":1865,"href":"https:\/\/www.rainbow-rose.com\/fr\/wp-json\/wp\/v2\/pages\/1836\/revisions\/1865\/"}],"wp:attachment":[{"href":"https:\/\/www.rainbow-rose.com\/fr\/wp-json\/wp\/v2\/media\/?parent=1836"}],"curies":[{"name":"wp","href":"https:\/\/api.w.org\/{rel}","templated":true}]}}