{"id":1829,"date":"2018-06-20T16:57:45","date_gmt":"2018-06-20T14:57:45","guid":{"rendered":"https:\/\/www.rainbow-rose.com\/incentive\/"},"modified":"2021-02-09T18:03:25","modified_gmt":"2021-02-09T17:03:25","slug":"incentive","status":"publish","type":"page","link":"https:\/\/www.rainbow-rose.com\/fr\/incentive\/","title":{"rendered":"Incentive"},"content":{"rendered":"<section  class=\"section full_stretch_row_content fullwidth  vc_custom_1552054257450\"><div class=\"row\"><div class=\"wpb_column col-md-12 have-padding\">[vc_custom_heading text=&#8221;\u00c0 LA RECHERCHE D&#8217;ID\u00c9ES CR\u00c9ATIVES ? LAISSEZ-NOUS VOUS INSPIRER !&#8221; font_container=&#8221;tag:h1|font_size:48px|text_align:center|color:%23ffffff|line_height:58px&#8221; google_fonts=&#8221;font_family:Oswald%3A300%2Cregular%2C700|font_style:400%20regular%3A400%3Anormal&#8221; css_animation=&#8221;fadeIn&#8221; css=&#8221;.vc_custom_1603902074914{margin-top: 20px !important;margin-bottom: 20px !important;}&#8221;]<\/div><\/div><\/section><section  class=\"section no\"><div class=\"row\"><div class=\"wpb_column col-md-12 have-padding\">[vc_empty_space height=&#8221;16px&#8221;][vc_single_image image=&#8221;1444&#8243; img_size=&#8221;full&#8221; alignment=&#8221;right&#8221; css=&#8221;.vc_custom_1553247937762{margin-bottom: 0px !important;}&#8221;][vc_empty_space height=&#8221;16px&#8221;]<\/div><\/div><\/section><section  class=\"section no\"><div class=\"row\"><div class=\"wpb_column col-md-12 have-padding\">[vc_single_image image=&#8221;1507&#8243; img_size=&#8221;full&#8221; alignment=&#8221;center&#8221; css=&#8221;.vc_custom_1578066665887{margin-bottom: 0px !important;}&#8221;][vc_empty_space]<\/div><\/div><\/section><section  class=\"section no\"><div class=\"row\"><div class=\"wpb_column col-md-12 have-padding\"><div class=\"item-padd-mob section-text text-block text-home \" ><div class=\"simple-text md\"><p style=\"text-align: center\">La cl\u00e9 pour r\u00e9compenser la cr\u00e9ativit\u00e9 incitative, l&#8217;innovation, le regard artistique, la cr\u00e9ation d&#8217;\u00e9motions, le r\u00e9cit &#8230;<br \/>\nUne histoire abondante et une culture vivante font de notre pays une destination de motivation passionnante.<\/p>\n<\/div><\/div><section  class=\"section no\"><div class=\"row\"><div class=\"wpb_column col-md-3 have-padding\"><\/div><div class=\"wpb_column col-md-6 have-padding\">[vc_custom_heading text=&#8221;ATTENDEZ-VOUS \u00c0 L&#8217;INATTENDU !&#8221; font_container=&#8221;tag:h2|font_size:32px|text_align:center|color:%23ffffff|line_height:72px&#8221; google_fonts=&#8221;font_family:Oswald%3A300%2Cregular%2C700|font_style:400%20regular%3A400%3Anormal&#8221; css_animation=&#8221;fadeIn&#8221; css=&#8221;.vc_custom_1612890203561{margin-bottom: 0px !important;background-color: #4c0f38 !important;}&#8221;]<\/div><div class=\"wpb_column col-md-3 have-padding\"><\/div><\/div><\/section>[vc_empty_space]<\/div><\/div><\/section><section  class=\"section no\"><div class=\"row\"><div class=\"wpb_column col-md-12 have-padding\">[vc_empty_space]<div class=\"item-padd-mob section-text text-block \" ><div class=\"simple-text md\"><div class='polaroid-gallery galleryid-1829' style='width:auto;'>\n\t\t\t<a href=\"https:\/\/www.rainbow-rose.com\/wp-content\/uploads\/2019\/06\/1L2A5212.jpg\" title=\"Rainbow Rose &#8211; Incentive\" rel=\"polaroid_2016954228\" class=\"polaroid-gallery-item\"><span class=\"polaroid-gallery-image\" title=\"Beyond Expectations\" style=\"background-image: url(https:\/\/www.rainbow-rose.com\/wp-content\/uploads\/2019\/06\/1L2A5212-300x300.jpg); width: 300px; height: 300px;\"><\/span><\/a>\n\t\t\t<a href=\"https:\/\/www.rainbow-rose.com\/wp-content\/uploads\/2019\/06\/1L2A6037.jpg\" title=\"Rainbow Rose &#8211; Incentive\" rel=\"polaroid_2016954228\" class=\"polaroid-gallery-item\"><span class=\"polaroid-gallery-image\" title=\"Beyond Expectations\" style=\"background-image: url(https:\/\/www.rainbow-rose.com\/wp-content\/uploads\/2019\/06\/1L2A6037-300x300.jpg); width: 300px; height: 300px;\"><\/span><\/a>\n\t\t\t<a href=\"https:\/\/www.rainbow-rose.com\/wp-content\/uploads\/2019\/03\/081117Session0016.jpg\" title=\"Rainbow Rose &#8211; DMC Area\" rel=\"polaroid_2016954228\" class=\"polaroid-gallery-item\"><span class=\"polaroid-gallery-image\" title=\"Beyond Expectations\" style=\"background-image: url(https:\/\/www.rainbow-rose.com\/wp-content\/uploads\/2019\/03\/081117Session0016-300x300.jpg); width: 300px; height: 300px;\"><\/span><\/a>\n\t\t\t<a href=\"https:\/\/www.rainbow-rose.com\/wp-content\/uploads\/2019\/03\/081117Session0040.jpg\" title=\"Rainbow Rose &#8211; DMC Area\" rel=\"polaroid_2016954228\" class=\"polaroid-gallery-item\"><span class=\"polaroid-gallery-image\" title=\"Beyond Expectations\" style=\"background-image: url(https:\/\/www.rainbow-rose.com\/wp-content\/uploads\/2019\/03\/081117Session0040-300x300.jpg); width: 300px; height: 300px;\"><\/span><\/a>\n\t\t\t<a href=\"https:\/\/www.rainbow-rose.com\/wp-content\/uploads\/2019\/03\/TH3C5124.jpg\" title=\"Rainbow Rose &#8211; Meetings differently\" rel=\"polaroid_2016954228\" class=\"polaroid-gallery-item\"><span class=\"polaroid-gallery-image\" title=\"Beyond Expectations\" style=\"background-image: url(https:\/\/www.rainbow-rose.com\/wp-content\/uploads\/2019\/03\/TH3C5124-300x300.jpg); width: 300px; height: 300px;\"><\/span><\/a>\n\t\t\t<a href=\"https:\/\/www.rainbow-rose.com\/wp-content\/uploads\/2019\/03\/IMG_6731.jpg\" title=\"Rainbow Rose &#8211; Meetings differently\" rel=\"polaroid_2016954228\" class=\"polaroid-gallery-item\"><span class=\"polaroid-gallery-image\" title=\"Beyond Expectations\" style=\"background-image: url(https:\/\/www.rainbow-rose.com\/wp-content\/uploads\/2019\/03\/IMG_6731-300x300.jpg); width: 300px; height: 300px;\"><\/span><\/a>\n\t\t\t<a href=\"https:\/\/www.rainbow-rose.com\/wp-content\/uploads\/2019\/03\/1L2A8022.jpg\" title=\"Rainbow Rose &#8211; Meetings differently\" rel=\"polaroid_2016954228\" class=\"polaroid-gallery-item\"><span class=\"polaroid-gallery-image\" title=\"Beyond Expectations\" style=\"background-image: url(https:\/\/www.rainbow-rose.com\/wp-content\/uploads\/2019\/03\/1L2A8022-300x300.jpg); width: 300px; height: 300px;\"><\/span><\/a>\n\t\t\t<a href=\"https:\/\/www.rainbow-rose.com\/wp-content\/uploads\/2019\/03\/1L2A8026.jpg\" title=\"Rainbow Rose &#8211; Meetings differently\" rel=\"polaroid_2016954228\" class=\"polaroid-gallery-item\"><span class=\"polaroid-gallery-image\" title=\"Beyond Expectations\" style=\"background-image: url(https:\/\/www.rainbow-rose.com\/wp-content\/uploads\/2019\/03\/1L2A8026-300x300.jpg); width: 300px; height: 300px;\"><\/span><\/a>\n\t\t\t<a href=\"https:\/\/www.rainbow-rose.com\/wp-content\/uploads\/2019\/03\/1L2A8117.jpg\" title=\"Rainbow Rose &#8211; Meetings differently\" rel=\"polaroid_2016954228\" class=\"polaroid-gallery-item\"><span class=\"polaroid-gallery-image\" title=\"Beyond Expectations\" style=\"background-image: url(https:\/\/www.rainbow-rose.com\/wp-content\/uploads\/2019\/03\/1L2A8117-300x300.jpg); width: 300px; height: 300px;\"><\/span><\/a>\n\t\t\t<a href=\"https:\/\/www.rainbow-rose.com\/wp-content\/uploads\/2019\/03\/1L2A1477.jpg\" title=\"Rainbow Rose &#8211; DMC Area\" rel=\"polaroid_2016954228\" class=\"polaroid-gallery-item\"><span class=\"polaroid-gallery-image\" title=\"Beyond Expectations\" style=\"background-image: url(https:\/\/www.rainbow-rose.com\/wp-content\/uploads\/2019\/03\/1L2A1477-300x300.jpg); width: 300px; height: 300px;\"><\/span><\/a>\n\t\t\t<a href=\"https:\/\/www.rainbow-rose.com\/wp-content\/uploads\/2019\/03\/IMG_5978.jpg\" title=\"Rainbow Rose &#8211; Meetings differently\" rel=\"polaroid_2016954228\" class=\"polaroid-gallery-item\"><span class=\"polaroid-gallery-image\" title=\"Rainbow Rose &#8211; Meetings differently\" style=\"background-image: url(https:\/\/www.rainbow-rose.com\/wp-content\/uploads\/2019\/03\/IMG_5978-300x300.jpg); width: 300px; height: 300px;\"><\/span><\/a>\n\t\t\t<a href=\"https:\/\/www.rainbow-rose.com\/wp-content\/uploads\/2019\/03\/IMG_6032.jpg\" title=\"Rainbow Rose &#8211; Meetings differently\" rel=\"polaroid_2016954228\" class=\"polaroid-gallery-item\"><span class=\"polaroid-gallery-image\" title=\"Beyond Expectations\" style=\"background-image: url(https:\/\/www.rainbow-rose.com\/wp-content\/uploads\/2019\/03\/IMG_6032-300x300.jpg); width: 300px; height: 300px;\"><\/span><\/a>\n\t\t\t<br style=\"clear: both;\" \/><\/div>\n\n<\/div><\/div><\/div><\/div><\/section>\n","protected":false},"excerpt":{"rendered":"[vc_custom_heading text=\"\u00c0 LA RECHERCHE D'ID\u00c9ES CR\u00c9ATIVES ? LAISSEZ-NOUS VOUS INSPIRER !\" font_container=\"tag:h1|font_size:48px|text_align:center|color:%23ffffff|line_height:58px\" google_fonts=\"font_family:Oswald%3A300%2Cregular%2C700|font_style:400%20regular%3A400%3Anormal\" css_animation=\"fadeIn\" css=\".vc_custom_1603902074914{margin-top: 20px !important;margin-bottom: 20px !important;}\"][vc_empty_space height=\"16px\"][vc_single_image image=\"1444\" img_size=\"full\" alignment=\"right\" css=\".vc_custom_1553247937762{margin-bottom: 0px !important;}\"][vc_empty_space height=\"16px\"][vc_single_image image=\"1507\" img_size=\"full\" alignment=\"center\" css=\".vc_custom_1578066665887{margin-bottom: 0px !important;}\"][vc_empty_space]La cl\u00e9 pour r\u00e9compenser la cr\u00e9ativit\u00e9 incitative, l'innovation, le regard artistique, la cr\u00e9ation d'\u00e9motions, le r\u00e9cit ... Une histoire abondante et une culture [...]","protected":false},"author":1,"featured_media":0,"parent":0,"menu_order":0,"comment_status":"closed","ping_status":"closed","template":"","meta":{"_monsterinsights_skip_tracking":false,"_monsterinsights_sitenote_active":false,"_monsterinsights_sitenote_note":"","_monsterinsights_sitenote_category":0,"footnotes":""},"_links":{"self":[{"href":"https:\/\/www.rainbow-rose.com\/fr\/wp-json\/wp\/v2\/pages\/1829\/"}],"collection":[{"href":"https:\/\/www.rainbow-rose.com\/fr\/wp-json\/wp\/v2\/pages\/"}],"about":[{"href":"https:\/\/www.rainbow-rose.com\/fr\/wp-json\/wp\/v2\/types\/page\/"}],"author":[{"embeddable":true,"href":"https:\/\/www.rainbow-rose.com\/fr\/wp-json\/wp\/v2\/users\/1\/"}],"replies":[{"embeddable":true,"href":"https:\/\/www.rainbow-rose.com\/fr\/wp-json\/wp\/v2\/comments\/?post=1829"}],"version-history":[{"count":4,"href":"https:\/\/www.rainbow-rose.com\/fr\/wp-json\/wp\/v2\/pages\/1829\/revisions\/"}],"predecessor-version":[{"id":1875,"href":"https:\/\/www.rainbow-rose.com\/fr\/wp-json\/wp\/v2\/pages\/1829\/revisions\/1875\/"}],"wp:attachment":[{"href":"https:\/\/www.rainbow-rose.com\/fr\/wp-json\/wp\/v2\/media\/?parent=1829"}],"curies":[{"name":"wp","href":"https:\/\/api.w.org\/{rel}","templated":true}]}}