{"id":1825,"date":"2018-06-20T16:57:34","date_gmt":"2018-06-20T14:57:34","guid":{"rendered":"https:\/\/www.rainbow-rose.com\/meetings\/"},"modified":"2021-04-01T15:45:07","modified_gmt":"2021-04-01T13:45:07","slug":"meetings","status":"publish","type":"page","link":"https:\/\/www.rainbow-rose.com\/fr\/meetings\/","title":{"rendered":"Meetings"},"content":{"rendered":"<section  class=\"section full_stretch_row_content fullwidth  vc_custom_1552051188510\"><div class=\"row\"><div class=\"wpb_column col-md-12 wow slideInLeft have-padding\">[vc_custom_heading text=&#8221;REPENSEZ L&#8217;EXP\u00c9RIENCE DE L&#8217;ASSEMBL\u00c9E D&#8217;ENTREPRISE AVEC NOUS ! &#8221; font_container=&#8221;tag:h1|font_size:48px|text_align:center|color:%23ffffff|line_height:58px&#8221; google_fonts=&#8221;font_family:Oswald%3A300%2Cregular%2C700|font_style:400%20regular%3A400%3Anormal&#8221; css_animation=&#8221;fadeIn&#8221; css=&#8221;.vc_custom_1617284691339{margin-top: 20px !important;margin-bottom: 20px !important;padding-top: 20px !important;padding-bottom: 20px !important;}&#8221;]<\/div><\/div><\/section><section  class=\"section no\"><div class=\"row\"><div class=\"wpb_column col-md-12 wow zoomIn have-padding\">[vc_empty_space height=&#8221;16px&#8221;][vc_single_image image=&#8221;1341&#8243; img_size=&#8221;full&#8221; alignment=&#8221;right&#8221; css=&#8221;.vc_custom_1553080765741{margin-bottom: 0px !important;}&#8221;][vc_empty_space height=&#8221;16px&#8221;]<\/div><\/div><\/section><section  class=\"section no\"><div class=\"row\"><div class=\"wpb_column col-md-12 wow fadeInRight have-padding\">[vc_single_image image=&#8221;871&#8243; img_size=&#8221;full&#8221; alignment=&#8221;center&#8221; css=&#8221;.vc_custom_1546946255901{margin-bottom: 0px !important;}&#8221;][vc_empty_space]<\/div><\/div><\/section><section  class=\"section no\"><div class=\"row\"><div class=\"wpb_column col-md-12 wow slideInDown have-padding\"><div class=\"item-padd-mob section-text text-block text-home \" ><div class=\"simple-text lg\"><p style=\"text-align: center;font-size: 18px\">La cl\u00e9 d&#8217;une production de meetings r\u00e9ussie : le design, un \u0153il cr\u00e9atif, l&#8217;orchestration de la communication et une ex\u00e9cution parfaite.<\/p>\n<p style=\"text-align: center;font-size: 18px\">Les conf\u00e9rences sont une extension de marque pour l&#8217;entreprise, concevons-la !<\/p>\n<\/div><\/div>[vc_empty_space]<\/div><\/div><\/section><section  class=\"section no\"><div class=\"row\"><div class=\"wpb_column col-md-4 wow rollIn have-padding\" data-wow-delay=\"0.1s\"><div  class=\"service-item item-hov\"><img decoding=\"async\" src=\"https:\/\/www.rainbow-rose.com\/wp-content\/uploads\/2019\/03\/set_design.jpg\" alt=\"\"><div class=\"title\"><h4 class=\"h4\">CONCEPTION ET CONSTRUCTION DES D\u00c9CORS <\/h4><\/div><div class=\"simple-text\"><\/div><\/div>[vc_empty_space height=&#8221;30px&#8221;]<\/div><div class=\"wpb_column col-md-4 wow rollIn have-padding\" data-wow-delay=\"0.3s\"><div  class=\"service-item item-hov\"><img decoding=\"async\" src=\"https:\/\/www.rainbow-rose.com\/wp-content\/uploads\/2019\/03\/av-management.jpg\" alt=\"\"><div class=\"title\"><h4 class=\"h4\">GESTION AUDIOVISUELLE<\/h4><\/div><div class=\"simple-text\"><\/div><\/div>[vc_empty_space height=&#8221;30px&#8221;]<\/div><div class=\"wpb_column col-md-4 wow rollIn have-padding\" data-wow-delay=\"0.5s\"><div  class=\"service-item item-hov\"><img decoding=\"async\" src=\"https:\/\/www.rainbow-rose.com\/wp-content\/uploads\/2019\/03\/workshop.jpg\" alt=\"\"><div class=\"title\"><h4 class=\"h4\">SESSIONS D\u2019ATELIERS <\/h4><\/div><div class=\"simple-text\"><\/div><\/div>[vc_empty_space height=&#8221;30px&#8221;]<\/div><\/div><\/section><section  class=\"section no\"><div class=\"row\"><div class=\"wpb_column col-md-4 wow rollIn have-padding\" data-wow-delay=\"0.7s\"><div  class=\"service-item item-hov\"><img decoding=\"async\" src=\"https:\/\/www.rainbow-rose.com\/wp-content\/uploads\/2019\/03\/speaker-support.jpg\" alt=\"\"><div class=\"title\"><h4 class=\"h4\">RESSOURCES HUMAINES <\/h4><\/div><div class=\"simple-text\"><\/div><\/div>[vc_empty_space height=&#8221;30px&#8221;]<\/div><div class=\"wpb_column col-md-4 wow rollIn have-padding\" data-wow-delay=\"0.9s\"><div  class=\"service-item item-hov\"><img decoding=\"async\" src=\"https:\/\/www.rainbow-rose.com\/wp-content\/uploads\/2019\/03\/ice-breaker.jpg\" alt=\"\"><div class=\"title\"><h4 class=\"h4\">Coh\u00e9sion d&#039;\u00e9quipe<\/h4><\/div><div class=\"simple-text\"><\/div><\/div>[vc_empty_space height=&#8221;30px&#8221;]<\/div><div class=\"wpb_column col-md-4 wow rollIn have-padding\" data-wow-delay=\"1.1s\"><div  class=\"service-item item-hov\"><img decoding=\"async\" src=\"https:\/\/www.rainbow-rose.com\/wp-content\/uploads\/2019\/03\/bespoke-branding.jpg\" alt=\"\"><div class=\"title\"><h4 class=\"h4\">MARQUE SUR MESURE<\/h4><\/div><div class=\"simple-text\"><\/div><\/div>[vc_empty_space height=&#8221;30px&#8221;]<\/div><\/div><\/section><section  class=\"section no\"><div class=\"row\"><div class=\"wpb_column col-md-12 wow bounce have-padding\">[vc_empty_space]<div class=\"item-padd-mob section-text text-block \" ><div class=\"simple-text md\"><div class='polaroid-gallery galleryid-1825' style='width:auto;'>\n\t\t\t<a href=\"https:\/\/www.rainbow-rose.com\/wp-content\/uploads\/2019\/03\/DSC00041.jpg\" title=\"Rainbow Rose &#8211; Meeting differently\" rel=\"polaroid_1886548021\" class=\"polaroid-gallery-item\"><span class=\"polaroid-gallery-image\" title=\"Rainbow Rose &#8211; Meeting differently\" style=\"background-image: url(https:\/\/www.rainbow-rose.com\/wp-content\/uploads\/2019\/03\/DSC00041-300x300.jpg); width: 300px; height: 300px;\"><\/span><\/a>\n\t\t\t<a href=\"https:\/\/www.rainbow-rose.com\/wp-content\/uploads\/2019\/03\/IMG_4377.jpg\" title=\"Rainbow Rose &#8211; Meeting differently\" rel=\"polaroid_1886548021\" class=\"polaroid-gallery-item\"><span class=\"polaroid-gallery-image\" title=\"Rainbow Rose &#8211; Meeting differently\" style=\"background-image: url(https:\/\/www.rainbow-rose.com\/wp-content\/uploads\/2019\/03\/IMG_4377-300x300.jpg); width: 300px; height: 300px;\"><\/span><\/a>\n\t\t\t<a href=\"https:\/\/www.rainbow-rose.com\/wp-content\/uploads\/2019\/03\/DSC00097.jpg\" title=\"Rainbow Rose &#8211; Meeting differently\" rel=\"polaroid_1886548021\" class=\"polaroid-gallery-item\"><span class=\"polaroid-gallery-image\" title=\"Rainbow Rose &#8211; Meeting differently\" style=\"background-image: url(https:\/\/www.rainbow-rose.com\/wp-content\/uploads\/2019\/03\/DSC00097-300x300.jpg); width: 300px; height: 300px;\"><\/span><\/a>\n\t\t\t<a href=\"https:\/\/www.rainbow-rose.com\/wp-content\/uploads\/2019\/03\/IMG_6251.jpg\" title=\"Rainbow Rose &#8211; Meetings differently\" rel=\"polaroid_1886548021\" class=\"polaroid-gallery-item\"><span class=\"polaroid-gallery-image\" title=\"Rainbow Rose &#8211; Meeting differently\" style=\"background-image: url(https:\/\/www.rainbow-rose.com\/wp-content\/uploads\/2019\/03\/IMG_6251-300x300.jpg); width: 300px; height: 300px;\"><\/span><\/a>\n\t\t\t<a href=\"https:\/\/www.rainbow-rose.com\/wp-content\/uploads\/2018\/12\/galerie-1.jpg\" title=\"Rainbow Rose &#8211; Meeting differently\" rel=\"polaroid_1886548021\" class=\"polaroid-gallery-item\"><span class=\"polaroid-gallery-image\" title=\"Rainbow Rose &#8211; Meeting differently\" style=\"background-image: url(https:\/\/www.rainbow-rose.com\/wp-content\/uploads\/2018\/12\/galerie-1-300x300.jpg); width: 300px; height: 300px;\"><\/span><\/a>\n\t\t\t<a href=\"https:\/\/www.rainbow-rose.com\/wp-content\/uploads\/2018\/12\/galerie-2.jpg\" title=\"Rainbow Rose &#8211; Meeting differently\" rel=\"polaroid_1886548021\" class=\"polaroid-gallery-item\"><span class=\"polaroid-gallery-image\" title=\"Rainbow Rose &#8211; Meeting differently\" style=\"background-image: url(https:\/\/www.rainbow-rose.com\/wp-content\/uploads\/2018\/12\/galerie-2-300x300.jpg); width: 300px; height: 300px;\"><\/span><\/a>\n\t\t\t<a href=\"https:\/\/www.rainbow-rose.com\/wp-content\/uploads\/2018\/12\/galerie3.jpg\" title=\"Rainbow Rose &#8211; Meeting differently\" rel=\"polaroid_1886548021\" class=\"polaroid-gallery-item\"><span class=\"polaroid-gallery-image\" title=\"Rainbow Rose &#8211; Meeting differently\" style=\"background-image: url(https:\/\/www.rainbow-rose.com\/wp-content\/uploads\/2018\/12\/galerie3-300x300.jpg); width: 300px; height: 300px;\"><\/span><\/a>\n\t\t\t<a href=\"https:\/\/www.rainbow-rose.com\/wp-content\/uploads\/2018\/12\/galerie4.jpg\" title=\"Rainbow Rose &#8211; Meeting differently\" rel=\"polaroid_1886548021\" class=\"polaroid-gallery-item\"><span class=\"polaroid-gallery-image\" title=\"Rainbow Rose &#8211; Meeting differently\" style=\"background-image: url(https:\/\/www.rainbow-rose.com\/wp-content\/uploads\/2018\/12\/galerie4-300x300.jpg); width: 300px; height: 300px;\"><\/span><\/a>\n\t\t\t<a href=\"https:\/\/www.rainbow-rose.com\/wp-content\/uploads\/2018\/12\/galerie5.jpg\" title=\"Rainbow Rose &#8211; Meeting differently\" rel=\"polaroid_1886548021\" class=\"polaroid-gallery-item\"><span class=\"polaroid-gallery-image\" title=\"Rainbow Rose &#8211; Meeting differently\" style=\"background-image: url(https:\/\/www.rainbow-rose.com\/wp-content\/uploads\/2018\/12\/galerie5-300x300.jpg); width: 300px; height: 300px;\"><\/span><\/a>\n\t\t\t<a href=\"https:\/\/www.rainbow-rose.com\/wp-content\/uploads\/2018\/12\/IMG_4360.jpg\" title=\"Rainbow Rose &#8211; Meeting differently\" rel=\"polaroid_1886548021\" class=\"polaroid-gallery-item\"><span class=\"polaroid-gallery-image\" title=\"Rainbow Rose &#8211; Meeting differently\" style=\"background-image: url(https:\/\/www.rainbow-rose.com\/wp-content\/uploads\/2018\/12\/IMG_4360-300x300.jpg); width: 300px; height: 300px;\"><\/span><\/a>\n\t\t\t<a href=\"https:\/\/www.rainbow-rose.com\/wp-content\/uploads\/2018\/12\/meeting-differently.jpg\" title=\"Rainbow Rose &#8211; Meeting differently\" rel=\"polaroid_1886548021\" class=\"polaroid-gallery-item\"><span class=\"polaroid-gallery-image\" title=\"Rainbow Rose &#8211; Meeting differently\" style=\"background-image: url(https:\/\/www.rainbow-rose.com\/wp-content\/uploads\/2018\/12\/meeting-differently-300x300.jpg); width: 300px; height: 300px;\"><\/span><\/a>\n\t\t\t<a href=\"https:\/\/www.rainbow-rose.com\/wp-content\/uploads\/2019\/03\/So-Meeting-Room-1-.jpg\" title=\"Rainbow Rose &#8211; Meetings differently\" rel=\"polaroid_1886548021\" class=\"polaroid-gallery-item\"><span class=\"polaroid-gallery-image\" title=\"Rainbow Rose &#8211; Meeting differently\" style=\"background-image: url(https:\/\/www.rainbow-rose.com\/wp-content\/uploads\/2019\/03\/So-Meeting-Room-1--300x300.jpg); width: 300px; height: 300px;\"><\/span><\/a>\n\t\t\t<a href=\"https:\/\/www.rainbow-rose.com\/wp-content\/uploads\/2019\/03\/Image-3-TENTE-MEETING-1-1.jpg\" title=\"Rainbow Rose &#8211; Meetings differently\" rel=\"polaroid_1886548021\" class=\"polaroid-gallery-item\"><span class=\"polaroid-gallery-image\" title=\"Rainbow Rose &#8211; Meeting differently\" style=\"background-image: url(https:\/\/www.rainbow-rose.com\/wp-content\/uploads\/2019\/03\/Image-3-TENTE-MEETING-1-1-300x300.jpg); width: 300px; height: 300px;\"><\/span><\/a>\n\t\t\t<a href=\"https:\/\/www.rainbow-rose.com\/wp-content\/uploads\/2019\/03\/Img-2-tente-meeting.jpg\" title=\"Rainbow Rose &#8211; Meetings differently\" rel=\"polaroid_1886548021\" class=\"polaroid-gallery-item\"><span class=\"polaroid-gallery-image\" title=\"Rainbow Rose &#8211; Meetings differently\" style=\"background-image: url(https:\/\/www.rainbow-rose.com\/wp-content\/uploads\/2019\/03\/Img-2-tente-meeting-300x300.jpg); width: 300px; height: 300px;\"><\/span><\/a>\n\t\t\t<a href=\"https:\/\/www.rainbow-rose.com\/wp-content\/uploads\/2019\/03\/IMG_4703.jpg\" title=\"Rainbow Rose &#8211; Meetings differently\" rel=\"polaroid_1886548021\" class=\"polaroid-gallery-item\"><span class=\"polaroid-gallery-image\" title=\"Rainbow Rose &#8211; Meetings differently\" style=\"background-image: url(https:\/\/www.rainbow-rose.com\/wp-content\/uploads\/2019\/03\/IMG_4703-300x300.jpg); width: 300px; height: 300px;\"><\/span><\/a>\n\t\t\t<a href=\"https:\/\/www.rainbow-rose.com\/wp-content\/uploads\/2019\/03\/TH3C4048.jpg\" title=\"Rainbow Rose &#8211; Meeting differently\" rel=\"polaroid_1886548021\" class=\"polaroid-gallery-item\"><span class=\"polaroid-gallery-image\" title=\"Rainbow Rose &#8211; Meeting differently\" style=\"background-image: url(https:\/\/www.rainbow-rose.com\/wp-content\/uploads\/2019\/03\/TH3C4048-300x300.jpg); width: 300px; height: 300px;\"><\/span><\/a>\n\t\t\t<a href=\"https:\/\/www.rainbow-rose.com\/wp-content\/uploads\/2019\/03\/IMG_4535.jpg\" title=\"Rainbow Rose &#8211; Meeting differently\" rel=\"polaroid_1886548021\" class=\"polaroid-gallery-item\"><span class=\"polaroid-gallery-image\" title=\"Rainbow Rose &#8211; Meeting differently\" style=\"background-image: url(https:\/\/www.rainbow-rose.com\/wp-content\/uploads\/2019\/03\/IMG_4535-300x300.jpg); width: 300px; height: 300px;\"><\/span><\/a>\n\t\t\t<a href=\"https:\/\/www.rainbow-rose.com\/wp-content\/uploads\/2019\/06\/1L2A5618.jpg\" title=\"Rainbow Rose &#8211; Meeting differently\" rel=\"polaroid_1886548021\" class=\"polaroid-gallery-item\"><span class=\"polaroid-gallery-image\" title=\"Rainbow Rose &#8211; Meeting differently\" style=\"background-image: url(https:\/\/www.rainbow-rose.com\/wp-content\/uploads\/2019\/06\/1L2A5618-300x300.jpg); width: 300px; height: 300px;\"><\/span><\/a>\n\t\t\t<a href=\"https:\/\/www.rainbow-rose.com\/wp-content\/uploads\/2019\/06\/EC0A3611.jpg\" title=\"Rainbow Rose &#8211; Incentive\" rel=\"polaroid_1886548021\" class=\"polaroid-gallery-item\"><span class=\"polaroid-gallery-image\" title=\"Rainbow Rose &#8211; Meeting differently\" style=\"background-image: url(https:\/\/www.rainbow-rose.com\/wp-content\/uploads\/2019\/06\/EC0A3611-300x300.jpg); width: 300px; height: 300px;\"><\/span><\/a>\n\t\t\t<a href=\"https:\/\/www.rainbow-rose.com\/wp-content\/uploads\/2019\/06\/EC0A3634.jpg\" title=\"Rainbow Rose &#8211; Meetings differently\" rel=\"polaroid_1886548021\" class=\"polaroid-gallery-item\"><span class=\"polaroid-gallery-image\" title=\"Rainbow Rose &#8211; Meeting differently\" style=\"background-image: url(https:\/\/www.rainbow-rose.com\/wp-content\/uploads\/2019\/06\/EC0A3634-300x300.jpg); width: 300px; height: 300px;\"><\/span><\/a>\n\t\t\t<a href=\"https:\/\/www.rainbow-rose.com\/wp-content\/uploads\/2019\/06\/EC0A3673.jpg\" title=\"Rainbow Rose &#8211; Meetings differently\" rel=\"polaroid_1886548021\" class=\"polaroid-gallery-item\"><span class=\"polaroid-gallery-image\" title=\"Rainbow Rose &#8211; Meeting differently\" style=\"background-image: url(https:\/\/www.rainbow-rose.com\/wp-content\/uploads\/2019\/06\/EC0A3673-300x300.jpg); width: 300px; height: 300px;\"><\/span><\/a>\n\t\t\t<a href=\"https:\/\/www.rainbow-rose.com\/wp-content\/uploads\/2019\/06\/EC0A7310.jpg\" title=\"Rainbow Rose &#8211; Meeting differently\" rel=\"polaroid_1886548021\" class=\"polaroid-gallery-item\"><span class=\"polaroid-gallery-image\" title=\"Rainbow Rose &#8211; Meeting differently\" style=\"background-image: url(https:\/\/www.rainbow-rose.com\/wp-content\/uploads\/2019\/06\/EC0A7310-300x300.jpg); width: 300px; height: 300px;\"><\/span><\/a>\n\t\t\t<br style=\"clear: both;\" \/><\/div>\n\n<\/div><\/div><\/div><\/div><\/section>\n","protected":false},"excerpt":{"rendered":"[vc_custom_heading text=\"REPENSEZ L'EXP\u00c9RIENCE DE L'ASSEMBL\u00c9E D'ENTREPRISE AVEC NOUS ! \" font_container=\"tag:h1|font_size:48px|text_align:center|color:%23ffffff|line_height:58px\" google_fonts=\"font_family:Oswald%3A300%2Cregular%2C700|font_style:400%20regular%3A400%3Anormal\" css_animation=\"fadeIn\" css=\".vc_custom_1617284691339{margin-top: 20px !important;margin-bottom: 20px !important;padding-top: 20px !important;padding-bottom: 20px !important;}\"][vc_empty_space height=\"16px\"][vc_single_image image=\"1341\" img_size=\"full\" alignment=\"right\" css=\".vc_custom_1553080765741{margin-bottom: 0px !important;}\"][vc_empty_space height=\"16px\"][vc_single_image image=\"871\" img_size=\"full\" alignment=\"center\" css=\".vc_custom_1546946255901{margin-bottom: 0px !important;}\"][vc_empty_space]La cl\u00e9 d'une production de meetings r\u00e9ussie : le design, un \u0153il cr\u00e9atif, l'orchestration de la communication et une ex\u00e9cution [...]","protected":false},"author":1,"featured_media":0,"parent":0,"menu_order":0,"comment_status":"closed","ping_status":"closed","template":"","meta":{"_monsterinsights_skip_tracking":false,"_monsterinsights_sitenote_active":false,"_monsterinsights_sitenote_note":"","_monsterinsights_sitenote_category":0,"footnotes":""},"_links":{"self":[{"href":"https:\/\/www.rainbow-rose.com\/fr\/wp-json\/wp\/v2\/pages\/1825\/"}],"collection":[{"href":"https:\/\/www.rainbow-rose.com\/fr\/wp-json\/wp\/v2\/pages\/"}],"about":[{"href":"https:\/\/www.rainbow-rose.com\/fr\/wp-json\/wp\/v2\/types\/page\/"}],"author":[{"embeddable":true,"href":"https:\/\/www.rainbow-rose.com\/fr\/wp-json\/wp\/v2\/users\/1\/"}],"replies":[{"embeddable":true,"href":"https:\/\/www.rainbow-rose.com\/fr\/wp-json\/wp\/v2\/comments\/?post=1825"}],"version-history":[{"count":7,"href":"https:\/\/www.rainbow-rose.com\/fr\/wp-json\/wp\/v2\/pages\/1825\/revisions\/"}],"predecessor-version":[{"id":1880,"href":"https:\/\/www.rainbow-rose.com\/fr\/wp-json\/wp\/v2\/pages\/1825\/revisions\/1880\/"}],"wp:attachment":[{"href":"https:\/\/www.rainbow-rose.com\/fr\/wp-json\/wp\/v2\/media\/?parent=1825"}],"curies":[{"name":"wp","href":"https:\/\/api.w.org\/{rel}","templated":true}]}}