{"id":1821,"date":"2020-10-28T14:33:56","date_gmt":"2020-10-28T13:33:56","guid":{"rendered":"https:\/\/www.rainbow-rose.com\/accueil\/"},"modified":"2021-05-06T13:27:36","modified_gmt":"2021-05-06T11:27:36","slug":"accueil","status":"publish","type":"page","link":"https:\/\/www.rainbow-rose.com\/fr\/","title":{"rendered":"Accueil"},"content":{"rendered":"<section  class=\"section full_stretch_row_content fullwidth\"><div class=\"row\"><div class=\"wpb_column col-md-12 have-padding\"><div  class=\"top-baner nvg-margin swiper-anime slide-arow poind-closest\"><div class=\"swiper-container top-slider\" data-autoplay=\"0\" data-loop=\"1\" data-speed=\"600\" data-center=\"0\" data-slides-per-view=\"1\"><div class=\"swiper-wrapper\"><div class=\"swiper-slide first-slide\" data-val=\"0\"><div class=\"block-bg\"><div class=\"bg-wrap\"><div class=\"bg\" style=\"background-image:url(https:\/\/www.rainbow-rose.com\/wp-content\/uploads\/2018\/08\/RainbowRose1.jpg)\"><\/div><div class=\"white-mobile-layer\"><\/div><\/div><div class=\"title-style-1 vertical-align\"><div class=\"sub-title\"><h5 class=\"h5 small-heading\"><\/h5><\/div><h1 class=\"h1 big-heading\"><\/h1><\/div><\/div><\/div><\/div><div class=\"pagination hidden\"><\/div><\/div><div class=\"slider-number\"><span><\/span>\/<b><\/b><\/div><\/div><\/div><\/div><\/section><section  class=\"section stretch_row_content fullwidth custom-padding border-top\"><div class=\"row\"><div class=\"wpb_column col-md-12 wow slideInLeft have-padding  vc_custom_1551697256382\">[vc_empty_space][vc_custom_heading text=&#8221;RAINBOW ROSE, RED\u00c9COUVREZ LE MAROC ET R\u00c9INVENTEZ LES VOYAGES D&#8217;AFFAIRES ET LES \u00c9V\u00c9NEMENTS.&#8221; font_container=&#8221;tag:h1|font_size:48px|text_align:center|color:%23000000|line_height:58px&#8221; google_fonts=&#8221;font_family:Oswald%3A300%2Cregular%2C700|font_style:700%20bold%20regular%3A700%3Anormal&#8221; css=&#8221;.vc_custom_1612888183536{margin-bottom: 0px !important;padding-top: 20px !important;padding-bottom: 20px !important;}&#8221;][vc_empty_space]<\/div><\/div><\/section><section  class=\"section stretch_row_content fullwidth\"><div class=\"row\"><div class=\"wpb_column col-md-6 wow bounceInLeft no-padding  vc_custom_1551697131178\"><div class=\"item-padd-mob section-text text-block \" ><div class=\"simple-text md\"><div class=\"simple-text md\">\n<p style=\"text-align: justify\">RAINBOW ROSE cr\u00e9ateur et solution d&#8217;\u00e9v\u00e9nements est une soci\u00e9t\u00e9 de gestion MICE bas\u00e9e \u00e0 Marrakech &#8211; Maroc.<\/p>\n<p style=\"text-align: justify\">RAINBOW ROSE agence \u00e9v\u00e9nementielle est le fruit de deux d\u00e9cennies d&#8217;exp\u00e9rience et d&#8217;expertise. Aujourd&#8217;hui, elle est une r\u00e9f\u00e9rence pour tous les types d\u2019\u00e9v\u00e9nements d&#8217;entreprises (s\u00e9minaires, congr\u00e8s, conventions, team building&#8230;) ou priv\u00e9es (Mariages, anniversaires, bartmitzva&#8230;) ; ainsi que pour les fournisseurs et les partenaires privil\u00e9gi\u00e9s ; en plus d&#8217;\u00eatre un label de garantie pour ses clients fid\u00e8les dans le monde entier. RAINBOW ROSE agence \u00e9v\u00e9nementielle \u00e0 Marrakech est reconnue sur le march\u00e9 pour avoir impos\u00e9 son propre style et sa propre signature.<\/p>\n<p style=\"text-align: justify\">\u00catre bas\u00e9 \u00e0 Marrakech au Maroc est d\u00e9j\u00e0 un plus pour notre succ\u00e8s. L&#8217;histoire abondante et la culture vivante en font une destination parfaite pour les \u00e9v\u00e9nements d&#8217;entreprise, qu&#8217;il s&#8217;agisse de s\u00e9minaire, congr\u00e8s, convention, conf\u00e9rence ou de voyage d&#8217;entreprise pour vos \u00e9quipes.<br \/>\nIl n&#8217;est pas surprenant que le Maroc figure parmi les premi\u00e8res destinations mondiales pour les voyages d&#8217;affaires, gr\u00e2ce \u00e0 un climat temp\u00e9r\u00e9 toute l&#8217;ann\u00e9e, aux infrastructures de qualit\u00e9, aux h\u00e9bergements de luxe avec des \u00e9quipements d&#8217;affaires et de loisirs de haut niveau&#8230; en plus de l&#8217;accessibilit\u00e9 depuis l&#8217;Europe.<\/p>\n<p style=\"text-align: justify\">RAINBOW ROSE agence \u00e9v\u00e9nementielle \u00e0 Marrakech, est devenu le leader sur le march\u00e9 du MICE et a \u00e9t\u00e9 choisie par de nombreuses soci\u00e9t\u00e9s internationales pour leurs \u00e9v\u00e9nements telles que Nivea, Bertrand, Renault, Bosh, OCP, Beaver, HP&#8230;<\/p>\n<p style=\"text-align: justify\">Le secret du succ\u00e8s des \u00e9v\u00e9nements RAINBOW ROSE est tout simplement le d\u00e9vouement, l&#8217;ex\u00e9cution dans les d\u00e9tails, la cr\u00e9ativit\u00e9 et l&#8217;innovation avec une touche artistique.<\/p>\n<p style=\"text-align: justify\"><span style=\"color: #000000\"><strong>NOS FORCES:<\/strong><\/span><\/p>\n<p style=\"text-align: justify\">\u25cf Une \u00e9quipe professionnelle avec plus de 20 ans d&#8217;exp\u00e9rience \u25cf Des concepts sur mesure, une approche diff\u00e9rente et une histoire racont\u00e9e derri\u00e8re chaque \u00e9v\u00e9nement \u25cf Des guides et une \u00e9quipe op\u00e9rationnelle d\u00e9di\u00e9s \u25cf Une communication et un soutien 24 heures sur 24 avant l&#8217;\u00e9v\u00e9nement \u25cf Une orchestration et une ex\u00e9cution parfaites de la communication \u25cf Travailler avec des fournisseurs accr\u00e9dit\u00e9s<\/p>\n<\/div>\n<p><!--more--><\/p>\n<\/div><\/div><\/div><div class=\"wpb_column col-md-6 align-center wow bounceInRight have-padding  vc_custom_1551697139033\">[vc_single_image image=&#8221;1324&#8243; img_size=&#8221;full&#8221; alignment=&#8221;center&#8221; onclick=&#8221;link_image&#8221;]<\/div><\/div><\/section><section  class=\"section stretch_row_content fullwidth custom-padding border-top  vc_custom_1552039292013\"><div class=\"row\"><div class=\"wpb_column col-md-3 wow slideInLeft have-padding  vc_custom_1551697256382\">[vc_single_image image=&#8221;1065&#8243; img_size=&#8221;full&#8221; alignment=&#8221;right&#8221; css=&#8221;.vc_custom_1551274782786{margin-bottom: 0px !important;}&#8221;]<\/div><div class=\"wpb_column col-md-9 wow slideInRight have-padding  vc_custom_1551697236993\">[vc_custom_heading text=&#8221;MEETINGS<br \/>\nDIFFERENTLY&#8221; font_container=&#8221;tag:h2|font_size:48px|text_align:left|color:%23ffffff|line_height:58px&#8221; google_fonts=&#8221;font_family:Oswald%3A300%2Cregular%2C700|font_style:700%20bold%20regular%3A700%3Anormal&#8221; css=&#8221;.vc_custom_1551274745467{margin-bottom: 0px !important;}&#8221;]<\/div><\/div><\/section><section  class=\"section stretch_row_content fullwidth\"><div class=\"row\"><div class=\"wpb_column col-md-12 no-padding  vc_custom_1551363417607\">[vc_custom_heading text=&#8221;MEETINGS&#8221; font_container=&#8221;tag:h2|font_size:48px|text_align:center|color:%23691414|line_height:58px&#8221; google_fonts=&#8221;font_family:Oswald%3A300%2Cregular%2C700|font_style:700%20bold%20regular%3A700%3Anormal&#8221; css_animation=&#8221;rotateInDownLeft&#8221; css=&#8221;.vc_custom_1552039304991{margin-bottom: 0px !important;}&#8221;][vc_empty_space][vc_single_image image=&#8221;1453&#8243; img_size=&#8221;full&#8221; alignment=&#8221;center&#8221; css_animation=&#8221;fadeInUp&#8221;][vc_btn title=&#8221;EN SAVOIR PLUS &#8230;&#8221; style=&#8221;flat&#8221; shape=&#8221;square&#8221; color=&#8221;primary&#8221; align=&#8221;center&#8221; css_animation=&#8221;flipInX&#8221; link=&#8221;url:http%3A%2F%2Frainbow-rose.com%2Ffr%2Fmeetings%2F|&#8221; el_class=&#8221;button-meeting&#8221;]<\/div><\/div><\/section><section  class=\"section stretch_row_content fullwidth custom-padding border-top  vc_custom_1552039319037\"><div class=\"row\"><div class=\"wpb_column col-md-3 wow slideInLeft have-padding  vc_custom_1551697457671\">[vc_single_image image=&#8221;1065&#8243; img_size=&#8221;full&#8221; alignment=&#8221;right&#8221; css=&#8221;.vc_custom_1551274782786{margin-bottom: 0px !important;}&#8221;]<\/div><div class=\"wpb_column col-md-9 wow slideInRight have-padding  vc_custom_1551697473173\">[vc_custom_heading text=&#8221;BEYOND<br \/>\nEXPECTATIONS&#8221; font_container=&#8221;tag:h2|font_size:48px|text_align:left|color:%23ffffff|line_height:58px&#8221; google_fonts=&#8221;font_family:Oswald%3A300%2Cregular%2C700|font_style:700%20bold%20regular%3A700%3Anormal&#8221; css=&#8221;.vc_custom_1553248174741{margin-bottom: 0px !important;}&#8221;]<\/div><\/div><\/section><section  class=\"section stretch_row_content fullwidth\"><div class=\"row\"><div class=\"wpb_column col-md-12 no-padding  vc_custom_1551363426689\">[vc_custom_heading text=&#8221;INCENTIVE&#8221; font_container=&#8221;tag:h2|font_size:48px|text_align:center|color:%234c0f38|line_height:58px&#8221; google_fonts=&#8221;font_family:Oswald%3A300%2Cregular%2C700|font_style:700%20bold%20regular%3A700%3Anormal&#8221; css_animation=&#8221;rotateInDownLeft&#8221; css=&#8221;.vc_custom_1552039327347{margin-bottom: 0px !important;}&#8221;][vc_empty_space][vc_single_image image=&#8221;1502&#8243; img_size=&#8221;full&#8221; alignment=&#8221;center&#8221; css_animation=&#8221;fadeInUp&#8221;][vc_btn title=&#8221;EN SAVOIR PLUS &#8230;&#8221; style=&#8221;flat&#8221; shape=&#8221;square&#8221; color=&#8221;primary&#8221; align=&#8221;center&#8221; css_animation=&#8221;flipInX&#8221; link=&#8221;url:http%3A%2F%2Frainbow-rose.com%2Ffr%2Fincentive%2F|&#8221; el_class=&#8221;button-incentive&#8221;]<\/div><\/div><\/section><section  class=\"section stretch_row_content fullwidth custom-padding border-top  vc_custom_1552039341685\"><div class=\"row\"><div class=\"wpb_column col-md-3 wow slideInLeft have-padding  vc_custom_1551697536119\">[vc_single_image image=&#8221;1065&#8243; img_size=&#8221;full&#8221; alignment=&#8221;right&#8221; css=&#8221;.vc_custom_1551274782786{margin-bottom: 0px !important;}&#8221;]<\/div><div class=\"wpb_column col-md-9 wow slideInRight have-padding  vc_custom_1551697553230\">[vc_custom_heading text=&#8221;SEARCH OF THE<br \/>\nNEVER DONE BEFORE&#8221; font_container=&#8221;tag:h2|font_size:48px|text_align:left|color:%23ffffff|line_height:58px&#8221; google_fonts=&#8221;font_family:Oswald%3A300%2Cregular%2C700|font_style:700%20bold%20regular%3A700%3Anormal&#8221; css=&#8221;.vc_custom_1551276955087{margin-bottom: 0px !important;}&#8221;]<\/div><\/div><\/section><section  class=\"section stretch_row_content fullwidth\"><div class=\"row\"><div class=\"wpb_column col-md-12 no-padding  vc_custom_1551363449615\">[vc_custom_heading text=&#8221;VENUE FINDING&#8221; font_container=&#8221;tag:h2|font_size:48px|text_align:center|color:%23156d5b|line_height:58px&#8221; google_fonts=&#8221;font_family:Oswald%3A300%2Cregular%2C700|font_style:700%20bold%20regular%3A700%3Anormal&#8221; css_animation=&#8221;rotateInDownLeft&#8221; css=&#8221;.vc_custom_1552039351734{margin-bottom: 0px !important;}&#8221;][vc_single_image image=&#8221;1255&#8243; img_size=&#8221;full&#8221; alignment=&#8221;center&#8221; css_animation=&#8221;fadeInUp&#8221;][vc_empty_space][vc_btn title=&#8221;EN SAVOIR PLUS &#8230;&#8221; style=&#8221;flat&#8221; shape=&#8221;square&#8221; color=&#8221;primary&#8221; align=&#8221;center&#8221; css_animation=&#8221;flipInX&#8221; link=&#8221;url:http%3A%2F%2Frainbow-rose.com%2Ffr%2Fmeetings%2F|&#8221; el_class=&#8221;button-venues&#8221;]<\/div><\/div><\/section><section  class=\"section stretch_row_content fullwidth custom-padding border-top  vc_custom_1552039363445\"><div class=\"row\"><div class=\"wpb_column col-md-3 wow fadeInLeft have-padding  vc_custom_1551697595942\">[vc_single_image image=&#8221;1065&#8243; img_size=&#8221;full&#8221; alignment=&#8221;right&#8221; css=&#8221;.vc_custom_1551274782786{margin-bottom: 0px !important;}&#8221;]<\/div><div class=\"wpb_column col-md-9 wow fadeInRight have-padding  vc_custom_1551697607033\">[vc_custom_heading text=&#8221;DMC<br \/>\nAREA&#8221; font_container=&#8221;tag:h2|font_size:48px|text_align:left|color:%23ffffff|line_height:58px&#8221; google_fonts=&#8221;font_family:Oswald%3A300%2Cregular%2C700|font_style:700%20bold%20regular%3A700%3Anormal&#8221; css=&#8221;.vc_custom_1551277570345{margin-bottom: 0px !important;}&#8221;]<\/div><\/div><\/section><section  class=\"section stretch_row_content fullwidth\"><div class=\"row\"><div class=\"wpb_column col-md-12 no-padding  vc_custom_1551363467097\">[vc_custom_heading text=&#8221;DMC AREA&#8221; font_container=&#8221;tag:h2|font_size:48px|text_align:center|color:%2344617f|line_height:58px&#8221; google_fonts=&#8221;font_family:Oswald%3A300%2Cregular%2C700|font_style:700%20bold%20regular%3A700%3Anormal&#8221; css_animation=&#8221;rotateInDownLeft&#8221; css=&#8221;.vc_custom_1552039371607{margin-bottom: 0px !important;}&#8221;][vc_empty_space][vc_single_image image=&#8221;1257&#8243; img_size=&#8221;full&#8221; alignment=&#8221;center&#8221; css_animation=&#8221;fadeInUp&#8221;][vc_btn title=&#8221;EN SAVOIR PLUS &#8230;&#8221; style=&#8221;flat&#8221; shape=&#8221;square&#8221; color=&#8221;primary&#8221; align=&#8221;center&#8221; css_animation=&#8221;flipInX&#8221; link=&#8221;url:http%3A%2F%2Frainbow-rose.com%2Ffr%2Fdmcarea%2F|&#8221; el_class=&#8221;button-team&#8221;]<\/div><\/div><\/section><section  class=\"section no\"><div class=\"row\"><div class=\"wpb_column col-md-12 have-padding\">[vc_empty_space]<div  class=\"swiper-container poind-closest\" data-autoplay=\"0\" data-loop=\"0\" data-speed=\"1000\" data-center=\"0\" data-slides-per-view=\"responsive\" data-xs-slides=\"2\" data-sm-slides=\"4\" data-md-slides=\"5\" data-lg-slides=\"5\" data-add-slides=\"5\"><div class=\"swiper-wrapper\"><div class=\"swiper-slide\"><div class=\"logo-item wow zoomIn\" data-wow-delay=\"0.2s\"><img decoding=\"async\" src=\"https:\/\/www.rainbow-rose.com\/wp-content\/uploads\/2019\/03\/mastercard.png\" alt=\"\"><\/div><\/div><div class=\"swiper-slide\"><div class=\"logo-item wow zoomIn\" data-wow-delay=\"0.4s\"><img decoding=\"async\" src=\"https:\/\/www.rainbow-rose.com\/wp-content\/uploads\/2019\/06\/edenred.png\" alt=\"\"><\/div><\/div><div class=\"swiper-slide\"><div class=\"logo-item wow zoomIn\" data-wow-delay=\"0.6s\"><img decoding=\"async\" src=\"https:\/\/www.rainbow-rose.com\/wp-content\/uploads\/2019\/03\/ypo-logo.png\" alt=\"\"><\/div><\/div><div class=\"swiper-slide\"><div class=\"logo-item wow zoomIn\" data-wow-delay=\"0.8s\"><img decoding=\"async\" src=\"https:\/\/www.rainbow-rose.com\/wp-content\/uploads\/2019\/03\/roche.png\" alt=\"\"><\/div><\/div><div class=\"swiper-slide\"><div class=\"logo-item wow zoomIn\" data-wow-delay=\"1s\"><img decoding=\"async\" src=\"https:\/\/www.rainbow-rose.com\/wp-content\/uploads\/2019\/06\/centrale.png\" alt=\"\"><\/div><\/div><div class=\"swiper-slide\"><div class=\"logo-item wow zoomIn\" data-wow-delay=\"1.2s\"><img decoding=\"async\" src=\"https:\/\/www.rainbow-rose.com\/wp-content\/uploads\/2019\/03\/nivea.png\" alt=\"\"><\/div><\/div><div class=\"swiper-slide\"><div class=\"logo-item wow zoomIn\" data-wow-delay=\"1.4s\"><img decoding=\"async\" src=\"https:\/\/www.rainbow-rose.com\/wp-content\/uploads\/2019\/03\/hp.png\" alt=\"\"><\/div><\/div><div class=\"swiper-slide\"><div class=\"logo-item wow zoomIn\" data-wow-delay=\"1.6s\"><img decoding=\"async\" src=\"https:\/\/www.rainbow-rose.com\/wp-content\/uploads\/2019\/03\/fiat.png\" alt=\"\"><\/div><\/div><div class=\"swiper-slide\"><div class=\"logo-item wow zoomIn\" data-wow-delay=\"1.8s\"><img decoding=\"async\" src=\"https:\/\/www.rainbow-rose.com\/wp-content\/uploads\/2019\/03\/ocp.png\" alt=\"\"><\/div><\/div><div class=\"swiper-slide\"><div class=\"logo-item wow zoomIn\" data-wow-delay=\"2s\"><img decoding=\"async\" src=\"https:\/\/www.rainbow-rose.com\/wp-content\/uploads\/2019\/03\/hyundai.png\" alt=\"\"><\/div><\/div><div class=\"swiper-slide\"><div class=\"logo-item wow zoomIn\" data-wow-delay=\"2.2s\"><img decoding=\"async\" src=\"https:\/\/www.rainbow-rose.com\/wp-content\/uploads\/2019\/03\/beaver.png\" alt=\"\"><\/div><\/div><\/div><div class=\"pagination hidden\"><\/div><\/div>[vc_empty_space]<\/div><\/div><\/section>\n","protected":false},"excerpt":{"rendered":"<p>RAINBOW ROSE cr\u00e9ateur et solution d&#8217;\u00e9v\u00e9nements est une soci\u00e9t\u00e9 de gestion MICE bas\u00e9e \u00e0 Marrakech &#8211; Maroc. RAINBOW ROSE agence \u00e9v\u00e9nementielle est le fruit de deux d\u00e9cennies d&#8217;exp\u00e9rience et d&#8217;expertise. Aujourd&#8217;hui, elle est une r\u00e9f\u00e9rence pour tous les types d\u2019\u00e9v\u00e9nements d&#8217;entreprises (s\u00e9minaires, congr\u00e8s, conventions, team building&#8230;) ou priv\u00e9es (Mariages, anniversaires, bartmitzva&#8230;) ; ainsi que pour [&hellip;]<\/p>\n","protected":false},"author":1,"featured_media":0,"parent":0,"menu_order":0,"comment_status":"closed","ping_status":"closed","template":"","meta":{"_monsterinsights_skip_tracking":false,"_monsterinsights_sitenote_active":false,"_monsterinsights_sitenote_note":"","_monsterinsights_sitenote_category":0,"footnotes":""},"_links":{"self":[{"href":"https:\/\/www.rainbow-rose.com\/fr\/wp-json\/wp\/v2\/pages\/1821\/"}],"collection":[{"href":"https:\/\/www.rainbow-rose.com\/fr\/wp-json\/wp\/v2\/pages\/"}],"about":[{"href":"https:\/\/www.rainbow-rose.com\/fr\/wp-json\/wp\/v2\/types\/page\/"}],"author":[{"embeddable":true,"href":"https:\/\/www.rainbow-rose.com\/fr\/wp-json\/wp\/v2\/users\/1\/"}],"replies":[{"embeddable":true,"href":"https:\/\/www.rainbow-rose.com\/fr\/wp-json\/wp\/v2\/comments\/?post=1821"}],"version-history":[{"count":6,"href":"https:\/\/www.rainbow-rose.com\/fr\/wp-json\/wp\/v2\/pages\/1821\/revisions\/"}],"predecessor-version":[{"id":1879,"href":"https:\/\/www.rainbow-rose.com\/fr\/wp-json\/wp\/v2\/pages\/1821\/revisions\/1879\/"}],"wp:attachment":[{"href":"https:\/\/www.rainbow-rose.com\/fr\/wp-json\/wp\/v2\/media\/?parent=1821"}],"curies":[{"name":"wp","href":"https:\/\/api.w.org\/{rel}","templated":true}]}}